{"id":656,"date":"2015-06-01T15:06:59","date_gmt":"2015-06-01T14:06:59","guid":{"rendered":"https:\/\/www.optidia.com\/?page_id=656"},"modified":"2016-07-29T15:04:20","modified_gmt":"2016-07-29T14:04:20","slug":"mentions-legales-2","status":"publish","type":"page","link":"https:\/\/www.optidia.com\/en\/mentions-legales-2\/","title":{"rendered":"Legal information"},"content":{"rendered":"<div id='layer_slider_1'  class='avia-layerslider main_color avia-shadow  avia-builder-el-0  el_before_av_one_full  avia-builder-el-first  container_wrap sidebar_right' style='  height: 557px;' ><\/div><div id='after_layer_slider_1'  class='main_color av_default_container_wrap container_wrap sidebar_right' style=' '  ><div class='container' ><div class='template-page content  av-content-small alpha units'><div class='post-entry post-entry-type-page post-entry-656'><div class='entry-content-wrapper clearfix'>\n<div class=\"flex_column av_one_full  flex_column_div first  avia-builder-el-1  el_after_av_layerslider  el_before_av_one_full  avia-builder-el-first  \" ><section class=\"av_textblock_section \"  itemscope=\"itemscope\" itemtype=\"https:\/\/schema.org\/CreativeWork\" ><div class='avia_textblock  '   itemprop=\"text\" ><h2>Legal information<\/h2>\n<h3><\/h3>\n<\/div><\/section><\/div>\n<div class=\"flex_column av_one_full  flex_column_div first  avia-builder-el-3  el_after_av_one_full  avia-builder-el-last  column-top-margin\" ><section class=\"av_textblock_section \"  itemscope=\"itemscope\" itemtype=\"https:\/\/schema.org\/CreativeWork\" ><div class='avia_textblock  '   itemprop=\"text\" ><h4>1. Presentation of the site<\/h4>\n<p>In view of article 6 of French law no. 2004-575 of 21 June 2004 to promote confidence in the digital economy, we present the people involved in creating and updating the <a href=\"https:\/\/www.optidia.com\">www.optidia.com<\/a> website to its users:<\/p>\n<p><strong>Propri\u00e9taire<\/strong> : C\u00e9cile Danion \/ Optidia \u2013 \u2013 4B rue de la Doulline 69340 Francheville<\/p>\n<p><strong>Cr\u00e9ateur<\/strong> : <a href=\"www.artenium.com\">artenium<\/a><\/p>\n<p><strong>Responsable publication<\/strong> : C\u00e9cile Danion \/ Optidia \u2013 cecile.danion@optidia.com<\/p>\n<p><strong>Webmaster<\/strong> : artenium \u2013 cecile.danion@optidia.com<\/p>\n<p><strong>H\u00e9bergeur<\/strong> : OVH \u2013 2 rue Kellermann &#8211; 59100 Roubaix \u2013 France Tel : 0 820 698 765<\/p>\n<h4>2. Terms and conditions of use of the site and the services proposed.<\/h4>\n<p>This site is normally accessible to users at all times. However, C\u00e9cile Danion\/Optidia may decide to interrupt the service for technical maintenance, making every effort to inform users of the dates and times of this work in advance.<\/p>\n<p>The <a href=\"https:\/\/www.optidia.com\">www.optidia.com<\/a> website is designed to provide information about all the company&#8217;s activities.<\/p>\n<p>All the information provided on the <a href=\"https:\/\/www.optidia.com\">www.optidia.com<\/a> website is provided as a guide only, and may be subject to change. Moreover, the information on the www.optidia.com website is not intended to be exhaustive. It is provided subject to modifications that may have taken place since it was published.<\/p>\n<h4><\/h4>\n<h4>4. Contractual limits on technical data.<\/h4>\n<p>The website cannot be held liable for any material damage associated with the use of the site.<\/p>\n<p>Moreover, the site user undertakes to access the site using recent equipment that is free of viruses and an up-to-date latest-generation browser.<\/p>\n<h4>5. . Intellectual property and breaches of copyright.<\/h4>\n<p>Any reproduction, representation, modification, publication or adaptation of all or part of the site&#8217;s contents, regardless of the means or method used, is prohibited without the prior written permission of C\u00e9cile Danion\/Optidia.<\/p>\n<p>C\u00e9cile Danion\/Optidia cannot be held liable for any direct or indirect damage caused to the user&#8217;s equipment when accessing the www.optidia.com website and resulting either from the use of equipment that does not meet the specifications indicated in point 4 or from the occurrence of a bug or an incompatibility.<\/p>\n<p>Interactive areas are provided for users to ask questions via the contact page. C\u00e9cile Danion\/Optidia reserves the right to remove any content submitted via this space that contravenes the legislation in force in France, and in particular the provisions relating to data protection. Where relevant, C\u00e9cile Danion\/Optidia also reserves the right to pursue civil and\/or criminal proceedings against the user in cases such as the submission of racist, insulting, defamatory or pornographic messages, regardless of the medium used (text, photography etc.).<\/p>\n<h4>6. Personal data management.<\/h4>\n<p>C\u00e9cile Danion\/Optidia only ever collects personal information about the user for the purposes of certain services offered by the <a href=\"https:\/\/www.optidia.com\/\">www.optidia.com<\/a> website. The user provides this information in full knowledge of the situation, particularly when entering this information himself or herself. The user of the <a href=\"https:\/\/www.optidia.com\/\">www.optidia.com<\/a> is informed of whether or not providing this information is mandatory.<\/p>\n<p>No personal information about the user of the <a href=\"https:\/\/www.optidia.com\/\">www.optidia.com<\/a> site is published without the user&#8217;s knowledge or exchanged, transferred, given or sold to third parties in any medium. Only the sale of the C\u00e9cile Danion\/Optidia company and its rights would enable the transmission of this information to any buyer, who would in turn be bound by the same obligation to the user of the <a href=\"https:\/\/www.optidia.com\/\">www.optidia.com<\/a> site with regard to the conservation and modification of the data.<\/p>\n<p>The databases are protected by the provisions of the law of 1 July 1998 transposing directive 96\/9 of 11 March 1996 on the legal protection of database.<\/p>\n<h4><\/h4>\n<h4>7. Hypertext links and cookies.<\/h4>\n<p>Browsing the <a href=\"https:\/\/www.optidia.com\/\">www.optidia.com<\/a> site may result in cookies being installed on the user&#8217;s computer. A cookie is a small file that does not identify the user but records information about a computer&#8217;s browsing of the site. The data thus obtained is designed to facilitate subsequent browsing of the site, and is also used to measure traffic.<\/p>\n<p>In Internet Explorer: tools tab (gear wheel icon at the top right)\/Internet options. Click Privacy and select Block all cookies. Confirm by clicking OK.<\/p>\n<p>In Safari: click the menu icon at the top right of the browser (represented by a gear wheel). Select Preferences. Click Display advanced settings. In the &#8220;Privacy&#8221; section, click Content settings. In the &#8220;Cookies&#8221; section, you can block cookies.<\/p>\n<p>All disputes about the use of the <a href=\"https:\/\/www.optidia.com\/\">www.optidia.com<\/a> site are subject to French law. The competent courts in Paris have exclusive jurisdiction.<\/p>\n<h4>8. Liens hypertextes et cookies.<\/h4>\n<p>Le site <a title=\"C\u00e9cile Danion \/ Optidia - www.optidia.com\" href=\"https:\/\/www.optidia.com\/\">www.optidia.com<\/a> contient un certain nombre de liens hypertextes vers d\u2019autres sites, mis en place avec l\u2019autorisation de C\u00e9cile Danion \/ Optidia. Cependant, C\u00e9cile Danion \/ Optidia n\u2019a pas la possibilit\u00e9 de v\u00e9rifier le contenu des sites ainsi visit\u00e9s, et n\u2019assumera en cons\u00e9quence aucune responsabilit\u00e9 de ce fait.<\/p>\n<p>La navigation sur le site <a title=\"C\u00e9cile Danion \/ Optidia - www.optidia.com\" href=\"https:\/\/www.optidia.com\/\">www.optidia.com<\/a> est susceptible de provoquer l\u2019installation de cookie(s) sur l\u2019ordinateur de l\u2019utilisateur. Un cookie est un fichier de petite taille, qui ne permet pas l\u2019identification de l\u2019utilisateur, mais qui enregistre des informations relatives \u00e0 la navigation d\u2019un ordinateur sur un site. Les donn\u00e9es ainsi obtenues visent \u00e0 faciliter la navigation ult\u00e9rieure sur le site, et ont \u00e9galement vocation \u00e0 permettre diverses mesures de fr\u00e9quentation.<\/p>\n<p>Le refus d\u2019installation d\u2019un cookie peut entra\u00eener l\u2019impossibilit\u00e9 d\u2019acc\u00e9der \u00e0 certains services. L\u2019utilisateur peut toutefois configurer son ordinateur de la mani\u00e8re suivante, pour refuser l\u2019installation des cookies :<\/p>\n<p>Sous Internet Explorer : onglet outil (pictogramme en forme de rouage en haut a droite) \/ options internet. Cliquez sur Confidentialit\u00e9 et choisissez Bloquer tous les cookies. Validez sur Ok.<\/p>\n<p>Sous Firefox : en haut de la fen\u00eatre du navigateur, cliquez sur le bouton Firefox, puis aller dans l&#8217;onglet Options. Cliquer sur l&#8217;onglet Vie priv\u00e9e.<br \/>\nParam\u00e9trez les R\u00e8gles de conservation sur : utiliser les param\u00e8tres personnalis\u00e9s pour l&#8217;historique. Enfin d\u00e9cochez-la pour d\u00e9sactiver les cookies.<\/p>\n<p>Sous Safari : Cliquez en haut \u00e0 droite du navigateur sur le pictogramme de menu (symbolis\u00e9 par un rouage). S\u00e9lectionnez Param\u00e8tres. Cliquez sur Afficher les param\u00e8tres avanc\u00e9s. Dans la section &#8220;Confidentialit\u00e9&#8221;, cliquez sur Param\u00e8tres de contenu. Dans la section &#8220;Cookies&#8221;, vous pouvez bloquer les cookies.<\/p>\n<p>Sous Chrome : Cliquez en haut \u00e0 droite du navigateur sur le pictogramme de menu (symbolis\u00e9 par trois lignes horizontales). S\u00e9lectionnez Param\u00e8tres. Cliquez sur Afficher les param\u00e8tres avanc\u00e9s. Dans la section &#8220;Confidentialit\u00e9&#8221;, cliquez sur pr\u00e9f\u00e9rences. Dans l&#8217;onglet &#8220;Confidentialit\u00e9&#8221;, vous pouvez bloquer les cookies.<\/p>\n<h4>9. Droit applicable et attribution de juridiction.<\/h4>\n<p>Tout litige en relation avec l\u2019utilisation du site <a title=\"C\u00e9cile Danion \/ Optidia - www.optidia.com\" href=\"https:\/\/www.optidia.com\/\">www.optidia.com<\/a> est soumis au droit fran\u00e7ais. Il est fait attribution exclusive de juridiction aux tribunaux comp\u00e9tents de Paris.<\/p>\n<h4>10. Principal laws concerned.<\/h4>\n<p>Law no. 2004-575 of 21 June 2004 for confidence in the digital economy.<\/p>\n<h4>11. Glossary.<\/h4>\n<p>Personal information: &#8220;information that enables the natural persons to which it applies to be identified in any way, directly or indirectly&#8221; (article 4 of law no. 78-17 of 6 January 1978).<\/p>\n<\/div><\/section><\/div>\n","protected":false},"excerpt":{"rendered":"","protected":false},"author":1,"featured_media":0,"parent":0,"menu_order":0,"comment_status":"open","ping_status":"open","template":"","meta":{"footnotes":""},"class_list":["post-656","page","type-page","status-publish","hentry"],"yoast_head":"<!-- This site is optimized with the Yoast SEO plugin v24.5 - https:\/\/yoast.com\/wordpress\/plugins\/seo\/ -->\n<title>Legal information - Optidia<\/title>\n<meta name=\"robots\" content=\"index, follow, max-snippet:-1, max-image-preview:large, max-video-preview:-1\" \/>\n<link rel=\"canonical\" href=\"https:\/\/www.optidia.com\/mentions-legales\/\" \/>\n<meta property=\"og:locale\" content=\"en_US\" \/>\n<meta property=\"og:type\" content=\"article\" \/>\n<meta property=\"og:title\" content=\"Legal information - Optidia\" \/>\n<meta property=\"og:url\" content=\"https:\/\/www.optidia.com\/mentions-legales\/\" \/>\n<meta property=\"og:site_name\" content=\"Optidia\" \/>\n<meta property=\"article:modified_time\" content=\"2016-07-29T14:04:20+00:00\" \/>\n<meta name=\"twitter:label1\" content=\"Est. reading time\" \/>\n\t<meta name=\"twitter:data1\" content=\"6 minutes\" \/>\n<script type=\"application\/ld+json\" class=\"yoast-schema-graph\">{\"@context\":\"https:\/\/schema.org\",\"@graph\":[{\"@type\":\"WebPage\",\"@id\":\"https:\/\/www.optidia.com\/mentions-legales\/\",\"url\":\"https:\/\/www.optidia.com\/mentions-legales\/\",\"name\":\"Legal information - Optidia\",\"isPartOf\":{\"@id\":\"https:\/\/www.optidia.com\/#website\"},\"datePublished\":\"2015-06-01T14:06:59+00:00\",\"dateModified\":\"2016-07-29T14:04:20+00:00\",\"breadcrumb\":{\"@id\":\"https:\/\/www.optidia.com\/mentions-legales\/#breadcrumb\"},\"inLanguage\":\"en-US\",\"potentialAction\":[{\"@type\":\"ReadAction\",\"target\":[\"https:\/\/www.optidia.com\/mentions-legales\/\"]}]},{\"@type\":\"BreadcrumbList\",\"@id\":\"https:\/\/www.optidia.com\/mentions-legales\/#breadcrumb\",\"itemListElement\":[{\"@type\":\"ListItem\",\"position\":1,\"name\":\"Accueil\",\"item\":\"https:\/\/www.optidia.com\/en\/\"},{\"@type\":\"ListItem\",\"position\":2,\"name\":\"Legal information\"}]},{\"@type\":\"WebSite\",\"@id\":\"https:\/\/www.optidia.com\/#website\",\"url\":\"https:\/\/www.optidia.com\/\",\"name\":\"Optidia\",\"description\":\"La ma\u00eetrise des projets et des processus\",\"potentialAction\":[{\"@type\":\"SearchAction\",\"target\":{\"@type\":\"EntryPoint\",\"urlTemplate\":\"https:\/\/www.optidia.com\/?s={search_term_string}\"},\"query-input\":{\"@type\":\"PropertyValueSpecification\",\"valueRequired\":true,\"valueName\":\"search_term_string\"}}],\"inLanguage\":\"en-US\"}]}<\/script>\n<!-- \/ Yoast SEO plugin. -->","yoast_head_json":{"title":"Legal information - Optidia","robots":{"index":"index","follow":"follow","max-snippet":"max-snippet:-1","max-image-preview":"max-image-preview:large","max-video-preview":"max-video-preview:-1"},"canonical":"https:\/\/www.optidia.com\/mentions-legales\/","og_locale":"en_US","og_type":"article","og_title":"Legal information - Optidia","og_url":"https:\/\/www.optidia.com\/mentions-legales\/","og_site_name":"Optidia","article_modified_time":"2016-07-29T14:04:20+00:00","twitter_misc":{"Est. reading time":"6 minutes"},"schema":{"@context":"https:\/\/schema.org","@graph":[{"@type":"WebPage","@id":"https:\/\/www.optidia.com\/mentions-legales\/","url":"https:\/\/www.optidia.com\/mentions-legales\/","name":"Legal information - Optidia","isPartOf":{"@id":"https:\/\/www.optidia.com\/#website"},"datePublished":"2015-06-01T14:06:59+00:00","dateModified":"2016-07-29T14:04:20+00:00","breadcrumb":{"@id":"https:\/\/www.optidia.com\/mentions-legales\/#breadcrumb"},"inLanguage":"en-US","potentialAction":[{"@type":"ReadAction","target":["https:\/\/www.optidia.com\/mentions-legales\/"]}]},{"@type":"BreadcrumbList","@id":"https:\/\/www.optidia.com\/mentions-legales\/#breadcrumb","itemListElement":[{"@type":"ListItem","position":1,"name":"Accueil","item":"https:\/\/www.optidia.com\/en\/"},{"@type":"ListItem","position":2,"name":"Legal information"}]},{"@type":"WebSite","@id":"https:\/\/www.optidia.com\/#website","url":"https:\/\/www.optidia.com\/","name":"Optidia","description":"La ma\u00eetrise des projets et des processus","potentialAction":[{"@type":"SearchAction","target":{"@type":"EntryPoint","urlTemplate":"https:\/\/www.optidia.com\/?s={search_term_string}"},"query-input":{"@type":"PropertyValueSpecification","valueRequired":true,"valueName":"search_term_string"}}],"inLanguage":"en-US"}]}},"_links":{"self":[{"href":"https:\/\/www.optidia.com\/en\/wp-json\/wp\/v2\/pages\/656","targetHints":{"allow":["GET"]}}],"collection":[{"href":"https:\/\/www.optidia.com\/en\/wp-json\/wp\/v2\/pages"}],"about":[{"href":"https:\/\/www.optidia.com\/en\/wp-json\/wp\/v2\/types\/page"}],"author":[{"embeddable":true,"href":"https:\/\/www.optidia.com\/en\/wp-json\/wp\/v2\/users\/1"}],"replies":[{"embeddable":true,"href":"https:\/\/www.optidia.com\/en\/wp-json\/wp\/v2\/comments?post=656"}],"version-history":[{"count":4,"href":"https:\/\/www.optidia.com\/en\/wp-json\/wp\/v2\/pages\/656\/revisions"}],"predecessor-version":[{"id":979,"href":"https:\/\/www.optidia.com\/en\/wp-json\/wp\/v2\/pages\/656\/revisions\/979"}],"wp:attachment":[{"href":"https:\/\/www.optidia.com\/en\/wp-json\/wp\/v2\/media?parent=656"}],"curies":[{"name":"wp","href":"https:\/\/api.w.org\/{rel}","templated":true}]}}